

{"id":22349,"date":"2022-01-18T15:50:53","date_gmt":"2022-01-18T14:50:53","guid":{"rendered":"https:\/\/waitingforthesun.fr\/mentions-legales\/"},"modified":"2023-11-24T14:36:50","modified_gmt":"2023-11-24T13:36:50","slug":"mentions-legales","status":"publish","type":"page","link":"https:\/\/waitingforthesun.fr\/en\/mentions-legales\/","title":{"rendered":"Legals"},"content":{"rendered":"[vc_row type=&#8221;in_container&#8221; full_screen_row_position=&#8221;middle&#8221; column_margin=&#8221;default&#8221; equal_height=&#8221;yes&#8221; content_placement=&#8221;middle&#8221; column_direction=&#8221;default&#8221; column_direction_tablet=&#8221;default&#8221; column_direction_phone=&#8221;default&#8221; scene_position=&#8221;center&#8221; text_color=&#8221;dark&#8221; text_align=&#8221;left&#8221; row_border_radius=&#8221;none&#8221; row_border_radius_applies=&#8221;bg&#8221; overflow=&#8221;visible&#8221; overlay_strength=&#8221;0.3&#8243; gradient_direction=&#8221;left_to_right&#8221; shape_divider_position=&#8221;bottom&#8221; bg_image_animation=&#8221;none&#8221; gradient_type=&#8221;default&#8221; shape_type=&#8221;&#8221;][vc_column column_padding=&#8221;no-extra-padding&#8221; column_padding_tablet=&#8221;inherit&#8221; column_padding_phone=&#8221;inherit&#8221; column_padding_position=&#8221;all&#8221; column_element_direction_desktop=&#8221;default&#8221; column_element_spacing=&#8221;default&#8221; desktop_text_alignment=&#8221;default&#8221; tablet_text_alignment=&#8221;default&#8221; phone_text_alignment=&#8221;default&#8221; background_color_opacity=&#8221;1&#8243; background_hover_color_opacity=&#8221;1&#8243; background_image=&#8221;802&#8243; background_image_position=&#8221;center center&#8221; background_image_stacking=&#8221;default&#8221; enable_bg_scale=&#8221;true&#8221; background_image_loading=&#8221;default&#8221; column_backdrop_filter=&#8221;none&#8221; column_shadow=&#8221;none&#8221; column_border_radius=&#8221;none&#8221; column_link_target=&#8221;_self&#8221; column_position=&#8221;default&#8221; gradient_direction=&#8221;left_to_right&#8221; overlay_strength=&#8221;0.3&#8243; width=&#8221;1\/2&#8243; tablet_width_inherit=&#8221;default&#8221; animation_type=&#8221;default&#8221; bg_image_animation=&#8221;none&#8221; border_type=&#8221;simple&#8221; column_border_width=&#8221;none&#8221; column_border_style=&#8221;solid&#8221; column_padding_type=&#8221;default&#8221; gradient_type=&#8221;default&#8221;][divider line_type=&#8221;No Line&#8221; custom_height_tablet=&#8221;250&#8243; custom_height_phone=&#8221;250&#8243;][\/vc_column][vc_column column_padding=&#8221;no-extra-padding&#8221; column_padding_tablet=&#8221;inherit&#8221; column_padding_phone=&#8221;inherit&#8221; column_padding_position=&#8221;all&#8221; column_element_direction_desktop=&#8221;default&#8221; column_element_spacing=&#8221;default&#8221; desktop_text_alignment=&#8221;default&#8221; tablet_text_alignment=&#8221;default&#8221; phone_text_alignment=&#8221;default&#8221; background_color_opacity=&#8221;1&#8243; background_hover_color_opacity=&#8221;1&#8243; column_backdrop_filter=&#8221;none&#8221; column_shadow=&#8221;none&#8221; column_border_radius=&#8221;none&#8221; column_link_target=&#8221;_self&#8221; column_position=&#8221;default&#8221; gradient_direction=&#8221;left_to_right&#8221; overlay_strength=&#8221;0.3&#8243; width=&#8221;1\/2&#8243; tablet_width_inherit=&#8221;default&#8221; animation_type=&#8221;default&#8221; bg_image_animation=&#8221;none&#8221; border_type=&#8221;simple&#8221; column_border_width=&#8221;none&#8221; column_border_style=&#8221;solid&#8221;][vc_row_inner column_margin=&#8221;default&#8221; column_direction=&#8221;default&#8221; column_direction_tablet=&#8221;default&#8221; column_direction_phone=&#8221;default&#8221; text_align=&#8221;left&#8221; row_position=&#8221;default&#8221; row_position_tablet=&#8221;inherit&#8221; row_position_phone=&#8221;inherit&#8221; overflow=&#8221;visible&#8221; pointer_events=&#8221;all&#8221;][vc_column_inner column_padding=&#8221;no-extra-padding&#8221; column_padding_tablet=&#8221;inherit&#8221; column_padding_phone=&#8221;inherit&#8221; column_padding_position=&#8221;all&#8221; column_element_direction_desktop=&#8221;default&#8221; column_element_spacing=&#8221;default&#8221; desktop_text_alignment=&#8221;default&#8221; tablet_text_alignment=&#8221;default&#8221; phone_text_alignment=&#8221;default&#8221; background_color_opacity=&#8221;1&#8243; background_hover_color_opacity=&#8221;1&#8243; column_backdrop_filter=&#8221;none&#8221; column_shadow=&#8221;none&#8221; column_border_radius=&#8221;none&#8221; column_link_target=&#8221;_self&#8221; overflow=&#8221;visible&#8221; gradient_direction=&#8221;left_to_right&#8221; overlay_strength=&#8221;0.3&#8243; width=&#8221;1\/3&#8243; tablet_width_inherit=&#8221;default&#8221; animation_type=&#8221;default&#8221; bg_image_animation=&#8221;none&#8221; border_type=&#8221;simple&#8221; column_border_width=&#8221;none&#8221; column_border_style=&#8221;solid&#8221;][image_with_animation image_url=&#8221;718&#8243; image_size=&#8221;full&#8221; animation_type=&#8221;entrance&#8221; animation=&#8221;None&#8221; animation_movement_type=&#8221;transform_y&#8221; hover_animation=&#8221;none&#8221; alignment=&#8221;&#8221; border_radius=&#8221;none&#8221; box_shadow=&#8221;none&#8221; image_loading=&#8221;default&#8221; max_width=&#8221;100%&#8221; max_width_mobile=&#8221;default&#8221;][\/vc_column_inner][vc_column_inner column_padding=&#8221;no-extra-padding&#8221; column_padding_tablet=&#8221;inherit&#8221; column_padding_phone=&#8221;inherit&#8221; column_padding_position=&#8221;all&#8221; column_element_direction_desktop=&#8221;default&#8221; column_element_spacing=&#8221;default&#8221; desktop_text_alignment=&#8221;default&#8221; tablet_text_alignment=&#8221;default&#8221; phone_text_alignment=&#8221;default&#8221; background_color_opacity=&#8221;1&#8243; background_hover_color_opacity=&#8221;1&#8243; column_backdrop_filter=&#8221;none&#8221; column_shadow=&#8221;none&#8221; column_border_radius=&#8221;none&#8221; column_link_target=&#8221;_self&#8221; overflow=&#8221;visible&#8221; gradient_direction=&#8221;left_to_right&#8221; overlay_strength=&#8221;0.3&#8243; width=&#8221;1\/3&#8243; tablet_width_inherit=&#8221;default&#8221; animation_type=&#8221;default&#8221; bg_image_animation=&#8221;none&#8221; border_type=&#8221;simple&#8221; column_border_width=&#8221;none&#8221; column_border_style=&#8221;solid&#8221;][\/vc_column_inner][vc_column_inner column_padding=&#8221;no-extra-padding&#8221; column_padding_tablet=&#8221;inherit&#8221; column_padding_phone=&#8221;inherit&#8221; column_padding_position=&#8221;all&#8221; column_element_direction_desktop=&#8221;default&#8221; column_element_spacing=&#8221;default&#8221; desktop_text_alignment=&#8221;default&#8221; tablet_text_alignment=&#8221;default&#8221; phone_text_alignment=&#8221;default&#8221; background_color_opacity=&#8221;1&#8243; background_hover_color_opacity=&#8221;1&#8243; column_backdrop_filter=&#8221;none&#8221; column_shadow=&#8221;none&#8221; column_border_radius=&#8221;none&#8221; column_link_target=&#8221;_self&#8221; overflow=&#8221;visible&#8221; gradient_direction=&#8221;left_to_right&#8221; overlay_strength=&#8221;0.3&#8243; width=&#8221;1\/3&#8243; tablet_width_inherit=&#8221;default&#8221; animation_type=&#8221;default&#8221; bg_image_animation=&#8221;none&#8221; border_type=&#8221;simple&#8221; column_border_width=&#8221;none&#8221; column_border_style=&#8221;solid&#8221;][\/vc_column_inner][\/vc_row_inner][vc_row_inner column_margin=&#8221;default&#8221; column_direction=&#8221;default&#8221; column_direction_tablet=&#8221;default&#8221; column_direction_phone=&#8221;default&#8221; text_align=&#8221;left&#8221; row_position=&#8221;default&#8221; row_position_tablet=&#8221;inherit&#8221; row_position_phone=&#8221;inherit&#8221; overflow=&#8221;visible&#8221; pointer_events=&#8221;all&#8221;][vc_column_inner column_padding=&#8221;no-extra-padding&#8221; column_padding_tablet=&#8221;inherit&#8221; column_padding_phone=&#8221;inherit&#8221; column_padding_position=&#8221;all&#8221; column_element_direction_desktop=&#8221;default&#8221; column_element_spacing=&#8221;default&#8221; desktop_text_alignment=&#8221;default&#8221; tablet_text_alignment=&#8221;default&#8221; phone_text_alignment=&#8221;default&#8221; background_color_opacity=&#8221;1&#8243; background_hover_color_opacity=&#8221;1&#8243; column_backdrop_filter=&#8221;none&#8221; column_shadow=&#8221;none&#8221; column_border_radius=&#8221;none&#8221; column_link_target=&#8221;_self&#8221; overflow=&#8221;visible&#8221; gradient_direction=&#8221;left_to_right&#8221; overlay_strength=&#8221;0.3&#8243; width=&#8221;1\/1&#8243; tablet_width_inherit=&#8221;default&#8221; animation_type=&#8221;default&#8221; bg_image_animation=&#8221;none&#8221; border_type=&#8221;simple&#8221; column_border_width=&#8221;none&#8221; column_border_style=&#8221;solid&#8221;][vc_column_text el_class=&#8221;med&#8221;]Legals[\/vc_column_text][vc_column_text]<b>Propri\u00e9taire du site<\/b><\/p>\n<p>Le site est la propri\u00e9t\u00e9 de WAITING FOR THE SUN SAS<br \/>\ndont le si\u00e8ge social est 123 rue du Faubourg Saint Antoine 75011 Paris<\/p>\n<p>Le responsable de la publication est WAITING FOR THE SUN<\/p>\n<p><b>Identification si\u00e8ge<\/b><\/p>\n<p>Raison sociale : WAITING FOR THE SUN<br \/>\nAdresse : 123 rue du Faubourg Saint Antoine 75011 Paris<br \/>\nT\u00e9l\u00e9phone : 09 82 52 84 34<br \/>\nE-mail : hello@waitingforthesun.fr<br \/>\nN\u00b0 SIRET : 51966971700042<\/p>\n<p>Site web r\u00e9alis\u00e9 par <a href=\"https:\/\/weareblow.com\" target=\"_blank\" rel=\"noopener\">WeAreBlow<\/a><\/p>\n<p>H\u00e9bergement : Kinsta<br \/>\nLes donn\u00e9es sont h\u00e9berg\u00e9es sur le serveur de Paris, France.<br \/>\nKinsta Inc.<br \/>\n8605 Santa Monica Blvd #92581<br \/>\nWest Hollywood, CA 90069<br \/>\nUnited States[\/vc_column_text][vc_column_text]<b>Responsabilit\u00e9 :<\/b><\/p>\n<p>WAITING FOR THE SUN s\u2019engage \u00e0 retirer tout contenu accessible sur son site qui porterait atteinte aux droits d\u2019autrui, \u00e0 l\u2019ordre public et aux bonnes m\u0153urs. Pour signaler de tels contenus, \u00e9crire \u00e0 l\u2019\u00e9diteur:<\/p>\n<p>T\u00e9l\u00e9phone : 09 82 52 84 34<br \/>\nE-mail : hello@waitingforthesun.fr<\/p>\n<p><b>Propri\u00e9t\u00e9 intellectuelle<\/b><\/p>\n<p>La reproduction et\/ou diffusion des visuels d\u2019illustration, des documents t\u00e9l\u00e9chargeables, des repr\u00e9sentations iconographiques et photographiques, plus g\u00e9n\u00e9ralement de tout \u00e9l\u00e9ment original \u2013 au sens du Code de la propri\u00e9t\u00e9 intellectuelle \u2013 du site internet www.weareblow.com ainsi que du site en lui-m\u00eame sont strictement soumis \u00e0 l\u2019autorisation pr\u00e9alable et expresse de WAITING FOR THE SUN.<\/p>\n<p>Au regard de la loi 78-17 du 6 Janvier 1978, vous disposez d\u2019un droit d\u2019acc\u00e8s et de rectification aux donn\u00e9es personnelles vous concernant.<\/p>\n<p>Il suffit de faire la demande par e-mail \u00e0 l\u2019adresse suivante : hello@waitingforthesun.fr[\/vc_column_text][\/vc_column_inner][\/vc_row_inner][\/vc_column][\/vc_row]\n","protected":false},"excerpt":{"rendered":"<p>[vc_row type=&#8221;in_container&#8221; full_screen_row_position=&#8221;middle&#8221; column_margin=&#8221;default&#8221; equal_height=&#8221;yes&#8221; content_placement=&#8221;middle&#8221; column_direction=&#8221;default&#8221; column_direction_tablet=&#8221;default&#8221; column_direction_phone=&#8221;default&#8221; scene_position=&#8221;center&#8221; text_color=&#8221;dark&#8221; text_align=&#8221;left&#8221; row_border_radius=&#8221;none&#8221; row_border_radius_applies=&#8221;bg&#8221; overflow=&#8221;visible&#8221; overlay_strength=&#8221;0.3&#8243; gradient_direction=&#8221;left_to_right&#8221; shape_divider_position=&#8221;bottom&#8221; bg_image_animation=&#8221;none&#8221; gradient_type=&#8221;default&#8221; shape_type=&#8221;&#8221;][vc_column column_padding=&#8221;no-extra-padding&#8221; column_padding_tablet=&#8221;inherit&#8221; column_padding_phone=&#8221;inherit&#8221; column_padding_position=&#8221;all&#8221; column_element_direction_desktop=&#8221;default&#8221; column_element_spacing=&#8221;default&#8221; desktop_text_alignment=&#8221;default&#8221; tablet_text_alignment=&#8221;default&#8221; phone_text_alignment=&#8221;default&#8221;&#8230;<\/p>\n","protected":false},"author":2,"featured_media":0,"parent":0,"menu_order":0,"comment_status":"closed","ping_status":"closed","template":"","meta":{"footnotes":""},"class_list":["post-22349","page","type-page","status-publish"],"yoast_head":"<!-- This site is optimized with the Yoast SEO plugin v27.4 - https:\/\/yoast.com\/product\/yoast-seo-wordpress\/ -->\n<title>Legals - Waiting For The Sun<\/title>\n<meta name=\"robots\" content=\"index, follow, max-snippet:-1, max-image-preview:large, max-video-preview:-1\" \/>\n<link rel=\"canonical\" href=\"https:\/\/waitingforthesun.fr\/en\/mentions-legales\/\" \/>\n<meta property=\"og:locale\" content=\"en_US\" \/>\n<meta property=\"og:type\" content=\"article\" \/>\n<meta property=\"og:title\" content=\"Legals - Waiting For The Sun\" \/>\n<meta property=\"og:description\" content=\"[vc_row type=&#8221;in_container&#8221; full_screen_row_position=&#8221;middle&#8221; column_margin=&#8221;default&#8221; equal_height=&#8221;yes&#8221; content_placement=&#8221;middle&#8221; column_direction=&#8221;default&#8221; column_direction_tablet=&#8221;default&#8221; column_direction_phone=&#8221;default&#8221; scene_position=&#8221;center&#8221; text_color=&#8221;dark&#8221; text_align=&#8221;left&#8221; row_border_radius=&#8221;none&#8221; row_border_radius_applies=&#8221;bg&#8221; overflow=&#8221;visible&#8221; overlay_strength=&#8221;0.3&#8243; gradient_direction=&#8221;left_to_right&#8221; shape_divider_position=&#8221;bottom&#8221; bg_image_animation=&#8221;none&#8221; gradient_type=&#8221;default&#8221; shape_type=&#8221;&#8221;][vc_column column_padding=&#8221;no-extra-padding&#8221; column_padding_tablet=&#8221;inherit&#8221; column_padding_phone=&#8221;inherit&#8221; column_padding_position=&#8221;all&#8221; column_element_direction_desktop=&#8221;default&#8221; column_element_spacing=&#8221;default&#8221; desktop_text_alignment=&#8221;default&#8221; tablet_text_alignment=&#8221;default&#8221; phone_text_alignment=&#8221;default&#8221;...\" \/>\n<meta property=\"og:url\" content=\"https:\/\/waitingforthesun.fr\/en\/mentions-legales\/\" \/>\n<meta property=\"og:site_name\" content=\"Waiting For The Sun\" \/>\n<meta property=\"article:publisher\" content=\"https:\/\/www.facebook.com\/waitingforthesun\/\" \/>\n<meta property=\"article:modified_time\" content=\"2023-11-24T13:36:50+00:00\" \/>\n<meta name=\"twitter:card\" content=\"summary_large_image\" \/>\n<meta name=\"twitter:label1\" content=\"Est. reading time\" \/>\n\t<meta name=\"twitter:data1\" content=\"3 minutes\" \/>\n<script type=\"application\/ld+json\" class=\"yoast-schema-graph\">{\"@context\":\"https:\\\/\\\/schema.org\",\"@graph\":[{\"@type\":\"WebPage\",\"@id\":\"https:\\\/\\\/waitingforthesun.fr\\\/en\\\/mentions-legales\\\/\",\"url\":\"https:\\\/\\\/waitingforthesun.fr\\\/en\\\/mentions-legales\\\/\",\"name\":\"Legals - Waiting For The Sun\",\"isPartOf\":{\"@id\":\"https:\\\/\\\/waitingforthesun.fr\\\/en\\\/#website\"},\"datePublished\":\"2022-01-18T14:50:53+00:00\",\"dateModified\":\"2023-11-24T13:36:50+00:00\",\"breadcrumb\":{\"@id\":\"https:\\\/\\\/waitingforthesun.fr\\\/en\\\/mentions-legales\\\/#breadcrumb\"},\"inLanguage\":\"en-US\",\"potentialAction\":[{\"@type\":\"ReadAction\",\"target\":[\"https:\\\/\\\/waitingforthesun.fr\\\/en\\\/mentions-legales\\\/\"]}]},{\"@type\":\"BreadcrumbList\",\"@id\":\"https:\\\/\\\/waitingforthesun.fr\\\/en\\\/mentions-legales\\\/#breadcrumb\",\"itemListElement\":[{\"@type\":\"ListItem\",\"position\":1,\"name\":\"Accueil\",\"item\":\"https:\\\/\\\/waitingforthesun.fr\\\/en\\\/accueil\\\/\"},{\"@type\":\"ListItem\",\"position\":2,\"name\":\"Legals\"}]},{\"@type\":\"WebSite\",\"@id\":\"https:\\\/\\\/waitingforthesun.fr\\\/en\\\/#website\",\"url\":\"https:\\\/\\\/waitingforthesun.fr\\\/en\\\/\",\"name\":\"Waiting For The Sun\",\"description\":\"Lunettes solaires et optique\",\"publisher\":{\"@id\":\"https:\\\/\\\/waitingforthesun.fr\\\/en\\\/#organization\"},\"potentialAction\":[{\"@type\":\"SearchAction\",\"target\":{\"@type\":\"EntryPoint\",\"urlTemplate\":\"https:\\\/\\\/waitingforthesun.fr\\\/en\\\/?s={search_term_string}\"},\"query-input\":{\"@type\":\"PropertyValueSpecification\",\"valueRequired\":true,\"valueName\":\"search_term_string\"}}],\"inLanguage\":\"en-US\"},{\"@type\":\"Organization\",\"@id\":\"https:\\\/\\\/waitingforthesun.fr\\\/en\\\/#organization\",\"name\":\"Waiting For The Sun\",\"url\":\"https:\\\/\\\/waitingforthesun.fr\\\/en\\\/\",\"logo\":{\"@type\":\"ImageObject\",\"inLanguage\":\"en-US\",\"@id\":\"https:\\\/\\\/waitingforthesun.fr\\\/en\\\/#\\\/schema\\\/logo\\\/image\\\/\",\"url\":\"https:\\\/\\\/waitingforthesun.fr\\\/wp-content\\\/uploads\\\/2022\\\/10\\\/logo_waitingforthesun_2.png\",\"contentUrl\":\"https:\\\/\\\/waitingforthesun.fr\\\/wp-content\\\/uploads\\\/2022\\\/10\\\/logo_waitingforthesun_2.png\",\"width\":300,\"height\":281,\"caption\":\"Waiting For The Sun\"},\"image\":{\"@id\":\"https:\\\/\\\/waitingforthesun.fr\\\/en\\\/#\\\/schema\\\/logo\\\/image\\\/\"},\"sameAs\":[\"https:\\\/\\\/www.facebook.com\\\/waitingforthesun\\\/\",\"https:\\\/\\\/www.linkedin.com\\\/company\\\/waiting-for-the-sun\\\/\",\"https:\\\/\\\/www.instagram.com\\\/waitingforthesun_lunettes\\\/\"]}]}<\/script>\n<!-- \/ Yoast SEO plugin. -->","yoast_head_json":{"title":"Legals - Waiting For The Sun","robots":{"index":"index","follow":"follow","max-snippet":"max-snippet:-1","max-image-preview":"max-image-preview:large","max-video-preview":"max-video-preview:-1"},"canonical":"https:\/\/waitingforthesun.fr\/en\/mentions-legales\/","og_locale":"en_US","og_type":"article","og_title":"Legals - Waiting For The Sun","og_description":"[vc_row type=&#8221;in_container&#8221; full_screen_row_position=&#8221;middle&#8221; column_margin=&#8221;default&#8221; equal_height=&#8221;yes&#8221; content_placement=&#8221;middle&#8221; column_direction=&#8221;default&#8221; column_direction_tablet=&#8221;default&#8221; column_direction_phone=&#8221;default&#8221; scene_position=&#8221;center&#8221; text_color=&#8221;dark&#8221; text_align=&#8221;left&#8221; row_border_radius=&#8221;none&#8221; row_border_radius_applies=&#8221;bg&#8221; overflow=&#8221;visible&#8221; overlay_strength=&#8221;0.3&#8243; gradient_direction=&#8221;left_to_right&#8221; shape_divider_position=&#8221;bottom&#8221; bg_image_animation=&#8221;none&#8221; gradient_type=&#8221;default&#8221; shape_type=&#8221;&#8221;][vc_column column_padding=&#8221;no-extra-padding&#8221; column_padding_tablet=&#8221;inherit&#8221; column_padding_phone=&#8221;inherit&#8221; column_padding_position=&#8221;all&#8221; column_element_direction_desktop=&#8221;default&#8221; column_element_spacing=&#8221;default&#8221; desktop_text_alignment=&#8221;default&#8221; tablet_text_alignment=&#8221;default&#8221; phone_text_alignment=&#8221;default&#8221;...","og_url":"https:\/\/waitingforthesun.fr\/en\/mentions-legales\/","og_site_name":"Waiting For The Sun","article_publisher":"https:\/\/www.facebook.com\/waitingforthesun\/","article_modified_time":"2023-11-24T13:36:50+00:00","twitter_card":"summary_large_image","twitter_misc":{"Est. reading time":"3 minutes"},"schema":{"@context":"https:\/\/schema.org","@graph":[{"@type":"WebPage","@id":"https:\/\/waitingforthesun.fr\/en\/mentions-legales\/","url":"https:\/\/waitingforthesun.fr\/en\/mentions-legales\/","name":"Legals - Waiting For The Sun","isPartOf":{"@id":"https:\/\/waitingforthesun.fr\/en\/#website"},"datePublished":"2022-01-18T14:50:53+00:00","dateModified":"2023-11-24T13:36:50+00:00","breadcrumb":{"@id":"https:\/\/waitingforthesun.fr\/en\/mentions-legales\/#breadcrumb"},"inLanguage":"en-US","potentialAction":[{"@type":"ReadAction","target":["https:\/\/waitingforthesun.fr\/en\/mentions-legales\/"]}]},{"@type":"BreadcrumbList","@id":"https:\/\/waitingforthesun.fr\/en\/mentions-legales\/#breadcrumb","itemListElement":[{"@type":"ListItem","position":1,"name":"Accueil","item":"https:\/\/waitingforthesun.fr\/en\/accueil\/"},{"@type":"ListItem","position":2,"name":"Legals"}]},{"@type":"WebSite","@id":"https:\/\/waitingforthesun.fr\/en\/#website","url":"https:\/\/waitingforthesun.fr\/en\/","name":"Waiting For The Sun","description":"Lunettes solaires et optique","publisher":{"@id":"https:\/\/waitingforthesun.fr\/en\/#organization"},"potentialAction":[{"@type":"SearchAction","target":{"@type":"EntryPoint","urlTemplate":"https:\/\/waitingforthesun.fr\/en\/?s={search_term_string}"},"query-input":{"@type":"PropertyValueSpecification","valueRequired":true,"valueName":"search_term_string"}}],"inLanguage":"en-US"},{"@type":"Organization","@id":"https:\/\/waitingforthesun.fr\/en\/#organization","name":"Waiting For The Sun","url":"https:\/\/waitingforthesun.fr\/en\/","logo":{"@type":"ImageObject","inLanguage":"en-US","@id":"https:\/\/waitingforthesun.fr\/en\/#\/schema\/logo\/image\/","url":"https:\/\/waitingforthesun.fr\/wp-content\/uploads\/2022\/10\/logo_waitingforthesun_2.png","contentUrl":"https:\/\/waitingforthesun.fr\/wp-content\/uploads\/2022\/10\/logo_waitingforthesun_2.png","width":300,"height":281,"caption":"Waiting For The Sun"},"image":{"@id":"https:\/\/waitingforthesun.fr\/en\/#\/schema\/logo\/image\/"},"sameAs":["https:\/\/www.facebook.com\/waitingforthesun\/","https:\/\/www.linkedin.com\/company\/waiting-for-the-sun\/","https:\/\/www.instagram.com\/waitingforthesun_lunettes\/"]}]}},"_links":{"self":[{"href":"https:\/\/waitingforthesun.fr\/en\/wp-json\/wp\/v2\/pages\/22349","targetHints":{"allow":["GET"]}}],"collection":[{"href":"https:\/\/waitingforthesun.fr\/en\/wp-json\/wp\/v2\/pages"}],"about":[{"href":"https:\/\/waitingforthesun.fr\/en\/wp-json\/wp\/v2\/types\/page"}],"author":[{"embeddable":true,"href":"https:\/\/waitingforthesun.fr\/en\/wp-json\/wp\/v2\/users\/2"}],"replies":[{"embeddable":true,"href":"https:\/\/waitingforthesun.fr\/en\/wp-json\/wp\/v2\/comments?post=22349"}],"version-history":[{"count":2,"href":"https:\/\/waitingforthesun.fr\/en\/wp-json\/wp\/v2\/pages\/22349\/revisions"}],"predecessor-version":[{"id":22358,"href":"https:\/\/waitingforthesun.fr\/en\/wp-json\/wp\/v2\/pages\/22349\/revisions\/22358"}],"wp:attachment":[{"href":"https:\/\/waitingforthesun.fr\/en\/wp-json\/wp\/v2\/media?parent=22349"}],"curies":[{"name":"wp","href":"https:\/\/api.w.org\/{rel}","templated":true}]}}